{"id":2,"date":"2015-07-28T12:04:14","date_gmt":"2015-07-28T12:04:14","guid":{"rendered":"http:\/\/www.makam-usul.org.tolgayarman.com\/?page_id=2"},"modified":"2015-11-04T01:05:25","modified_gmt":"2015-11-04T01:05:25","slug":"sample-page","status":"publish","type":"page","link":"http:\/\/www.makam-usul.org.tolgayarman.com\/en\/","title":{"rendered":"Sample Page"},"content":{"rendered":"<p>This is an example page. It&#8217;s different from a blog post because it will stay in one place and will show up in your site navigation (in most themes). Most people start with an About page that introduces them to potential site visitors. It might say something like this:<\/p>\n<blockquote><p>Merhaba! Ben Dr. Ozan Yarman. Ba\u015f\u0131 \u00e7ekti\u011fim www.makam-usul.org sitesini geli\u015ftiriyoruz. Burada Tarihsel T\u00fcrk m\u00fczi\u011finin makamlar\u0131 ve usulleri g\u00f6rsel\/duysal olarak eri\u015fime sunulacakt\u0131r.<\/p><\/blockquote>\n<p>&#8230;or something like this:<\/p>\n<blockquote><p>Tarihsel T\u00fcrk m\u00fczi\u011finin makamlar\u0131 ve usulleri, Bat\u0131 m\u00fczi\u011fi tonalite ve ritim unsurlar\u0131na g\u00f6re daha ayr\u0131nt\u0131l\u0131 ve zengindir. Makam nazariyat\u0131 i\u00e7in Yarman-24c sistemini benimsedik. Usuller i\u00e7in de yeni bir yakla\u015f\u0131m ortaya konacakt\u0131r.<\/p><\/blockquote>\n<p>As a new WordPress user, you should go to <a href=\"http:\/\/www.makam-usul.org.tolgayarman.com\/wp-admin\/\">your dashboard<\/a> to delete this page and create new pages for your content. Have fun!<\/p>\n","protected":false},"excerpt":{"rendered":"<p>This is an example page. It&#8217;s different from a blog post because it will stay in one place and will show up in your site navigation (in most themes). Most people start with an About page that introduces them to potential site visitors. It might say something like this: Merhaba! Ben Dr. Ozan Yarman. Ba\u015f\u0131 [&hellip;]<\/p>\n","protected":false},"author":1,"featured_media":0,"parent":0,"menu_order":0,"comment_status":"open","ping_status":"open","template":"","meta":{"footnotes":""},"class_list":["post-2","page","type-page","status-publish","hentry"],"_links":{"self":[{"href":"http:\/\/www.makam-usul.org.tolgayarman.com\/en\/wp-json\/wp\/v2\/pages\/2","targetHints":{"allow":["GET"]}}],"collection":[{"href":"http:\/\/www.makam-usul.org.tolgayarman.com\/en\/wp-json\/wp\/v2\/pages"}],"about":[{"href":"http:\/\/www.makam-usul.org.tolgayarman.com\/en\/wp-json\/wp\/v2\/types\/page"}],"author":[{"embeddable":true,"href":"http:\/\/www.makam-usul.org.tolgayarman.com\/en\/wp-json\/wp\/v2\/users\/1"}],"replies":[{"embeddable":true,"href":"http:\/\/www.makam-usul.org.tolgayarman.com\/en\/wp-json\/wp\/v2\/comments?post=2"}],"version-history":[{"count":2,"href":"http:\/\/www.makam-usul.org.tolgayarman.com\/en\/wp-json\/wp\/v2\/pages\/2\/revisions"}],"predecessor-version":[{"id":99,"href":"http:\/\/www.makam-usul.org.tolgayarman.com\/en\/wp-json\/wp\/v2\/pages\/2\/revisions\/99"}],"wp:attachment":[{"href":"http:\/\/www.makam-usul.org.tolgayarman.com\/en\/wp-json\/wp\/v2\/media?parent=2"}],"curies":[{"name":"wp","href":"https:\/\/api.w.org\/{rel}","templated":true}]}}